{"id":709,"date":"2018-07-24T18:45:17","date_gmt":"2018-07-24T16:45:17","guid":{"rendered":"https:\/\/www.vankochdesign.com\/?page_id=709"},"modified":"2018-07-27T13:18:13","modified_gmt":"2018-07-27T11:18:13","slug":"legal-notice","status":"publish","type":"page","link":"https:\/\/www.vankochdesign.com\/en\/legal-notice\/","title":{"rendered":"Legal Notice"},"content":{"rendered":"<h2>Legal Notice<\/h2>\n<p>Andreas Koch<\/p>\n<p>Freischaffender Tischlermeister, Designer &amp; K\u00fcnstler<\/p>\n<p>Hauptstrasse 36<br \/>\n5024 K\u00fcttigen<br \/>\nSchweiz<\/p>\n<p>E-Mail: andreaskoch.design@yahoo.com<br \/>\nInternet: www.vankochdesign.com<\/p>\n<p>Webdesign: www.gocreate.com<br \/>\nFotos: Copyright Daniel Bointner Fotografie und\u00a0 Andreas Koch<\/p>\n<p>Inhaltlich Verantwortlicher gem\u00e4\u00df \u00a7 6 MDStV: Andreas Koch<br \/>\nCopyright: Andreas Koch 2018<\/p>\n<p>&nbsp;<\/p>\n<p>Der Inhalt der Seiten ist urheberrechtlich gesch\u00fctzt. Vervielf\u00e4ltigung,<br \/>\n\u00c4nderung, Verbreitung, Nutzung oder \u00f6ffentliche Wiedergabe der<br \/>\nInformationen oder Daten, insbesondere von Text- oder Bildmaterial ist nur<br \/>\nmit ausdr\u00fccklicher Zustimmung gestattet.<br \/>\nHaftungshinweis:<br \/>\nTrotz sorgf\u00e4ltiger inhaltlicher Kontrolle \u00fcbernehmen wir keine Haftung f\u00fcr<br \/>\ndie Inhalte externer Links.<br \/>\nF\u00fcr den Inhalt der verlinkten Seiten sind ausschlie\u00dflich deren Betreiber<br \/>\nverantwortlich.<\/p>\n","protected":false},"excerpt":{"rendered":"<p>Legal Notice Andreas Koch Freischaffender Tischlermeister, Designer &amp; K\u00fcnstler Hauptstrasse 36 5024 K\u00fcttigen Schweiz E-Mail: andreaskoch.design@yahoo.com Internet: www.vankochdesign.com Webdesign: www.gocreate.com Fotos: Copyright Daniel Bointner Fotografie und\u00a0 Andreas Koch Inhaltlich Verantwortlicher gem\u00e4\u00df \u00a7 6 MDStV: Andreas Koch Copyright: Andreas Koch 2018 &nbsp; Der Inhalt der Seiten ist urheberrechtlich gesch\u00fctzt. Vervielf\u00e4ltigung, \u00c4nderung, Verbreitung, Nutzung oder \u00f6ffentliche Wiedergabe&hellip;<\/p>\n","protected":false},"author":1,"featured_media":0,"parent":0,"menu_order":0,"comment_status":"closed","ping_status":"closed","template":"","meta":{"footnotes":""},"class_list":["post-709","page","type-page","status-publish","hentry","entry","no-media"],"_links":{"self":[{"href":"https:\/\/www.vankochdesign.com\/en\/wp-json\/wp\/v2\/pages\/709","targetHints":{"allow":["GET"]}}],"collection":[{"href":"https:\/\/www.vankochdesign.com\/en\/wp-json\/wp\/v2\/pages"}],"about":[{"href":"https:\/\/www.vankochdesign.com\/en\/wp-json\/wp\/v2\/types\/page"}],"author":[{"embeddable":true,"href":"https:\/\/www.vankochdesign.com\/en\/wp-json\/wp\/v2\/users\/1"}],"replies":[{"embeddable":true,"href":"https:\/\/www.vankochdesign.com\/en\/wp-json\/wp\/v2\/comments?post=709"}],"version-history":[{"count":2,"href":"https:\/\/www.vankochdesign.com\/en\/wp-json\/wp\/v2\/pages\/709\/revisions"}],"predecessor-version":[{"id":926,"href":"https:\/\/www.vankochdesign.com\/en\/wp-json\/wp\/v2\/pages\/709\/revisions\/926"}],"wp:attachment":[{"href":"https:\/\/www.vankochdesign.com\/en\/wp-json\/wp\/v2\/media?parent=709"}],"curies":[{"name":"wp","href":"https:\/\/api.w.org\/{rel}","templated":true}]}}